{"id":5266,"date":"2021-12-02T21:18:24","date_gmt":"2021-12-02T19:18:24","guid":{"rendered":"https:\/\/local.lvivbuddy.com\/unkategorisiert\/tagesausflug-nach-drohobytsch-von-lemberg\/"},"modified":"2022-01-14T18:58:51","modified_gmt":"2022-01-14T16:58:51","slug":"drohobytsch-tagesausflug","status":"publish","type":"product","link":"https:\/\/lvivbuddy.com\/de\/tagesausfluege-lviv\/drohobytsch-tagesausflug\/","title":{"rendered":"Tagesausflug Drohobytsch ab Lviv &#8211; Die besten Sehensw\u00fcrdigkeiten in einer Tour"},"content":{"rendered":"&#13;\n<p>Drohobytsch ist eine Stadt, die sich oft hinter Lemberg versteckt, aber den Besuchern viele erstklassige Sehensw\u00fcrdigkeiten zu bieten hat. Mit seiner tausendj\u00e4hrigen Geschichte ist es eines der bestgeh\u00fcteten Geheimnisse der Ukraine &#8211; mit wundersch\u00f6nen Kirchen, leckeren lokalen Speisen, ber\u00fchmten ehemaligen Einwohnern und Sehensw\u00fcrdigkeiten, die Sie nirgendwo anders sehen k\u00f6nnen.<\/p>&#13;\n&#13;\n<h4 class=\"wp-block-heading\" style=\"text-align: center;\">Unesco-Welterbe in Drohobytsch<\/h4>&#13;\n&#13;\n<p>Etwas au\u00dferhalb des Stadtzentrums liegt ein kleiner Holzschatz. Eine Holzkirche, die im 15. Jahrhundert erbaut wurde und seit 2013 von der UNESCO als Kulturerbe der Welt anerkannt ist. Die Holzkirche St. Georg in Drohobytsch ist komplett aus Holz gebaut und geh\u00f6rt mit seinen Malereien zu den besten Beispielen der Holzkirchenarchitektur in Osteuropa. Es ist wirklich ein erstaunlicher spiritueller Ort!<\/p>&#13;\n&#13;\n<h4 class=\"wp-block-heading\" style=\"text-align: center;\">Erleben Sie echte Salzgewinnung auf unserem Drohobych-Tagesausflug<\/h4>&#13;\n&#13;\n<p>Ganz in der N\u00e4he k\u00f6nnen Sie in einer hands-on Produktionsst\u00e4tte erleben, wie in der tausendj\u00e4hrigen Geschichte von Drohobytsch fr\u00fcher Salz gewonnen wurde. Erfahren Sie, wie das Salz aus dem Untergrund gepumpt wird und wie die Arbeiter des Salzbergwerks bis heute Techniken anwenden, dieso seit Jahrhunderten genutzt werden. So gewinnen Sie eines der besten Salze Osteuropas, das auch &#8222;wei\u00dfes Gold&#8220; genannt wird.<\/p>&#13;\n&#13;\n<h4 class=\"wp-block-heading\" style=\"text-align: center;\">Lernen Sie Bruno Schulz und das j\u00fcdische Erbe von Drohobytsch kennen<\/h4>&#13;\n&#13;\n<p>Einst ein Hotspot der \u00d6lindustrie, waren viele der j\u00fcdischen Einwohner von Drohobytsch eng mit der \u00d6lf\u00f6rderung in der Region verbunden. Viele der sch\u00f6nen Villen und andere Geb\u00e4ude der Stadt wurden von j\u00fcdischen \u00d6lmagnaten errichtet. Aber die herausragendste j\u00fcdische Pers\u00f6nlichkeit von Drohobych ist Bruno Schulz. Der polnischsprachige Schriftsteller schildert in seinen Schriften die Atmosph\u00e4re der 20er und 30er Jahre. Wie andere Einwohner wurde er im hiesigen Ghetto get\u00f6tet, aber sein Erbe ist bsi heute erhalten geblieben. Unsere Tour f\u00fchrt Sie auf eine Erkundung dieses Erbes und wir zeigen Ihnen auch die verbleibenden St\u00e4tten des j\u00fcdischen Drohobytsch &#8211; wie die Choral-Synagoge. Es ist eines der am besten erhaltenen j\u00fcdischen religi\u00f6sen Geb\u00e4ude in der Ukraine.<\/p>&#13;\n&#13;\n<h4 class=\"wp-block-heading\" style=\"text-align: center;\">Lokale Speisen und Einblicke<\/h4>&#13;\n&#13;\n<p>Und wie es bei anderen Kulturst\u00e4dten auch der Fall ist, hat auch Drohobych seine eigenen K\u00f6stlichkeiten. Probieren Sie die Drohobytska-Wurst, die manche als Kaviar der W\u00fcrste bezeichnen. Auf unserem Nachmittagsspaziergang durch das Zentrum nehmen wir Sie mit, um lokalen den lokalen &#8222;Salzkaffee&#8220; und die &#8222;Salty Caramel Torte&#8220; zu probieren, die Sie nur hier bekommen k\u00f6nnen. Nach der schnellen Erfrischung ist es auch viel einfacher, die Treppe des Rathauses von Drohobytsch hinaufzusteigen, um die spektakul\u00e4re Aussicht zu genie\u00dfen und mehr \u00fcber diese erstaunliche Stadt vom h\u00f6chsten Turm aus zu erfahren.<\/p>&#13;\n","protected":false},"excerpt":{"rendered":"<p>Drohobytsch ist eine der am meisten untersch\u00e4tzten St\u00e4dte in der Westukraine. Obwohl sie die zweitgr\u00f6\u00dfte Stadt in der Oblast Lviv ist, bekommt sie nur einen winzigen Bruchteil der Touristen, die Lviv bekommt. Dieses versteckte Juwel hat jedoch viele Sehensw\u00fcrdigkeiten zu bieten. Bei uns k\u00f6nnen Sie tief in die Geschichte und Kultur der Stadt eintauchen, eine Unesco-Welterbe-Holzkirche und ein Salzbergwerk besichtigen, das wie vor 200 Jahren funktioniert. Und Sie k\u00f6nnen mehr \u00fcber die Geschichte des ber\u00fchmten polnisch-j\u00fcdischen Schriftstellers Bruno Schulz erfahren.<\/p>\n","protected":false},"featured_media":4513,"template":"","meta":[],"product_brand":[],"product_cat":[60],"product_tag":[],"class_list":{"0":"post-5266","1":"product","2":"type-product","3":"status-publish","4":"has-post-thumbnail","6":"product_cat-tagesausfluege-lviv","8":"first","9":"instock","10":"virtual","11":"purchasable","12":"product-type-appointment"},"exclude_global_add_ons":false,"addons":[{"name":"+ Premium Tour (optional)","type":"multiple_choice","position":0,"required":false,"title_format":"label","default":"","description_enable":true,"description":"Einfache Stornierung und weitere Extras der Tour hinzuf\u00fcgen.","placeholder_enable":false,"placeholder":"","display":"select","restrictions_type":"any_text","adjust_price":false,"price":"","price_type":"flat_fee","restrictions":false,"min":"0","max":"0","options":[{"label":"Premium Tour pro Person","price":"15","price_type":"quantity_based","image":0,"visibility":true}]},{"name":"Abholort","type":"custom_text","position":0,"required":false,"title_format":"heading","default":"","description_enable":true,"description":"Bitte nennen Sie uns hier Namen und Adresse Ihrer Unterkunft, damit wir Sie f\u00fcr den Tagesausflug abholen k\u00f6nnen.","placeholder_enable":false,"placeholder":"","display":"select","restrictions_type":"any_text","adjust_price":false,"price":"","price_type":"flat_fee","restrictions":false,"min":"0","max":"0","options":[]}],"_links":{"self":[{"href":"https:\/\/lvivbuddy.com\/de\/wp-json\/wp\/v2\/product\/5266","targetHints":{"allow":["GET"]}}],"collection":[{"href":"https:\/\/lvivbuddy.com\/de\/wp-json\/wp\/v2\/product"}],"about":[{"href":"https:\/\/lvivbuddy.com\/de\/wp-json\/wp\/v2\/types\/product"}],"wp:featuredmedia":[{"embeddable":true,"href":"https:\/\/lvivbuddy.com\/de\/wp-json\/wp\/v2\/media\/4513"}],"wp:attachment":[{"href":"https:\/\/lvivbuddy.com\/de\/wp-json\/wp\/v2\/media?parent=5266"}],"wp:term":[{"taxonomy":"product_brand","embeddable":true,"href":"https:\/\/lvivbuddy.com\/de\/wp-json\/wp\/v2\/product_brand?post=5266"},{"taxonomy":"product_cat","embeddable":true,"href":"https:\/\/lvivbuddy.com\/de\/wp-json\/wp\/v2\/product_cat?post=5266"},{"taxonomy":"product_tag","embeddable":true,"href":"https:\/\/lvivbuddy.com\/de\/wp-json\/wp\/v2\/product_tag?post=5266"}],"curies":[{"name":"wp","href":"https:\/\/api.w.org\/{rel}","templated":true}]}}