{"id":5269,"date":"2021-12-02T21:18:24","date_gmt":"2021-12-02T19:18:24","guid":{"rendered":"https:\/\/local.lvivbuddy.com\/unkategorisiert\/tagesausflug-nach-tustan-und-drohobych-von-lemberg\/"},"modified":"2024-02-22T18:04:12","modified_gmt":"2024-02-22T16:04:12","slug":"tustan-drohobytsch-tagesausflug-lviv","status":"publish","type":"product","link":"https:\/\/lvivbuddy.com\/de\/tagesausfluege-lviv\/tustan-drohobytsch-tagesausflug-lviv\/","title":{"rendered":"Tagesausflug nach Tustan und Drohobych ab Lviv"},"content":{"rendered":"&#13;\n<p>Tustan und Drohobych sind zwei tolle Orte und diese Tour ist einer der Favoriten von Guides und G\u00e4sten. Eine wundersch\u00f6ne Felsformation mit einer tollen Aussicht, gutem Essen und vielen interessanten Geschichten und das direkt an einem wundersch\u00f6nen Fluss &#8211; kombiniert mit Unesco-Welterbest\u00e4tten in Drohobytsch und einem tollen Spaziergang durch die historische Stadt &#8211; einfach toll.<\/p>&#13;\n&#13;\n<h4 class=\"wp-block-heading\" style=\"text-align: center;\">Das Tal des Flusses Stryj sehen und die Felsen von Tustan erkunden<\/h4>&#13;\n&#13;\n<p>Als Inselberg, eine aus der Landschaft ragende Felsformation, bot Tustan einst den Anblick einer majest\u00e4tischen Festung, die die lokalen Handelsrouten kontrollierte. Heute ist hiervorn auf den ersten Blick nur der Felsen geblieben. Im Heimatmuseum haben hiesige Arch\u00e4ologen dokumentiert, wie die Festung fr\u00fcher aussah und wie das Leben dort gewesen sein muss. Die Felsformation l\u00e4sst sich heute bei Wind und fast jeden Wetter besteigen. Auch die Aussicht von hier ist fantastisch und gibt einem ein tolles Gef\u00fchl daf\u00fcr, wie sich die Menschen in dieser Felsenfestung Tustan gef\u00fchlt haben m\u00fcssen. Zur Belohnung f\u00fcr den Aufstieg essen wir anschlie\u00dfend gemeinsam frisch gegrilltes Fleisch. Ein Schaschlik hier ist ein frisches und gro\u00dfartiges Essenserlebnis (Vegetarier brauchen sich aber auch keine Sorgen machen, es gibt genug Alternativen).<\/p>&#13;\n&#13;\n<h4 class=\"wp-block-heading\" style=\"text-align: center;\">Drohobytsch &#8211; Sch\u00f6ne Holzkirchen, ein altes Salzbergwerk und eine h\u00fcbsche Altstadt<\/h4>&#13;\n&#13;\n<p>W\u00e4hrend es in den meisten St\u00e4dten der Ukraine kaum noch alte ukrainische Holzkirchen gibt, hat Drohobytsch sogar zwei davon. Die Holzkirche St. Georg in Drohobytsch ist Teil des UNESCO-Welterbes der Holzkirchen in der Ukraine und in Polen. Die benachbarte Heilig-Kreuz-Kirche ist ebenso alt und genauso sch\u00f6n. Von dort k\u00f6nnen wir direkt zu dem Ort gehen, der Drohobytsch einst ber\u00fchmt und reich gemacht hat. Das einzigartige Salzbergwerk ist das \u00e4lteste noch bestehende Unternehmen der Ukraine. In Drohobytsch wurde schon vor der Gr\u00fcndung von Lemberg Salz produziert. Auch heute noch k\u00f6nnen Sie einen Blick in die historische Produktion werfen. Glauben Sie uns, wenn wir sagen, dass Sie aus dem Staunen nicht mehr rauskommen werden! Nach diesen bleibenden Eindr\u00fccken spazieren wir durch die historische Altstadt von Drohobytsch und probieren ein paar lokale K\u00f6stlichkeiten. Wir k\u00f6nnen Ihnen schon jetzt sagen: Es wird salzig!<\/p>&#13;\n","protected":false},"excerpt":{"rendered":"<p>Die Kombination eines Naturparks mit wundersch\u00f6nen Felsformationen in Tustan und die Fahrt in die erstaunliche Stadt Drohobytsch machen den Tagesausflug Tustan und Drohobytsch zu einem unserer besten. Sehen Sie die erstaunliche Natursch\u00f6nheit des Karpatenvorlandes mit Blick \u00fcber die gesamte Region und erkunden Sie das Salzbergwerk und eine UNESCO-Weltkulturerbe-Kirche von Drohobytsch an einem Tag. Wir k\u00f6nnen uns nicht viel mehr vorstellen, um diesen Tagesausflug nach Tustan und Drohobytsch noch besser zu machen! Na gut, tats\u00e4chlich ist auch das leckere gegrillte Schaschlik w\u00e4hrend unserer Mittagspause schon allein den Stopp wert.<\/p>\n","protected":false},"featured_media":4543,"template":"","meta":[],"product_brand":[],"product_cat":[60],"product_tag":[],"class_list":{"0":"post-5269","1":"product","2":"type-product","3":"status-publish","4":"has-post-thumbnail","6":"product_cat-tagesausfluege-lviv","8":"first","9":"instock","10":"virtual","11":"purchasable","12":"product-type-appointment"},"exclude_global_add_ons":false,"addons":[{"name":null,"type":"multiple_choice","position":0,"required":false,"title_format":"label","default":"","description_enable":true,"description":null,"placeholder_enable":false,"placeholder":"","display":"select","restrictions_type":"any_text","adjust_price":false,"price":"","price_type":"flat_fee","restrictions":false,"min":"0","max":"0","options":[{"label":"","price":"15","price_type":"quantity_based","image":0,"visibility":true}]},{"name":"Abholort","type":"custom_text","position":0,"required":false,"title_format":"heading","default":"","description_enable":true,"description":"Bitte nennen Sie uns hier Namen und Adresse Ihrer Unterkunft, damit wir Sie f\u00fcr den Tagesausflug abholen k\u00f6nnen.","placeholder_enable":false,"placeholder":"","display":"select","restrictions_type":"any_text","adjust_price":false,"price":"","price_type":"flat_fee","restrictions":false,"min":"0","max":"0","options":[]}],"_links":{"self":[{"href":"https:\/\/lvivbuddy.com\/de\/wp-json\/wp\/v2\/product\/5269","targetHints":{"allow":["GET"]}}],"collection":[{"href":"https:\/\/lvivbuddy.com\/de\/wp-json\/wp\/v2\/product"}],"about":[{"href":"https:\/\/lvivbuddy.com\/de\/wp-json\/wp\/v2\/types\/product"}],"wp:featuredmedia":[{"embeddable":true,"href":"https:\/\/lvivbuddy.com\/de\/wp-json\/wp\/v2\/media\/4543"}],"wp:attachment":[{"href":"https:\/\/lvivbuddy.com\/de\/wp-json\/wp\/v2\/media?parent=5269"}],"wp:term":[{"taxonomy":"product_brand","embeddable":true,"href":"https:\/\/lvivbuddy.com\/de\/wp-json\/wp\/v2\/product_brand?post=5269"},{"taxonomy":"product_cat","embeddable":true,"href":"https:\/\/lvivbuddy.com\/de\/wp-json\/wp\/v2\/product_cat?post=5269"},{"taxonomy":"product_tag","embeddable":true,"href":"https:\/\/lvivbuddy.com\/de\/wp-json\/wp\/v2\/product_tag?post=5269"}],"curies":[{"name":"wp","href":"https:\/\/api.w.org\/{rel}","templated":true}]}}