{"id":5287,"date":"2021-12-02T21:18:24","date_gmt":"2021-12-02T19:18:24","guid":{"rendered":"https:\/\/local.lvivbuddy.com\/unkategorisiert\/tagesausflug-nach-pochayiv-lavra-von-lemberg-heilige-stadt-der-ukraine\/"},"modified":"2022-01-14T21:07:46","modified_gmt":"2022-01-14T19:07:46","slug":"kloster-potschajiw-lavra-tagesausflug-lviv","status":"publish","type":"product","link":"https:\/\/lvivbuddy.com\/de\/tagesausfluege-lviv\/kloster-potschajiw-lavra-tagesausflug-lviv\/","title":{"rendered":"Kloster Potschajiw Lavra &#8211; Tagesausflug ab Lviv"},"content":{"rendered":"&#13;\n<p>Potschajiw Lavra liegt in den Ebenen der Westukraine, auf einem alten Handelsweg zwischen Lemberg und Kyjiw, und ist eines der faszinierendsten Kl\u00f6ster der Ukraine. Gegr\u00fcndet von M\u00f6nchen des H\u00f6hlenklosters in Kyjiw, k\u00f6nnen Sie einige der sch\u00f6nsten Kathedralen des Landes sehen und die Hingabe ihrer Besucher erleben.<\/p>&#13;\n<h4 style=\"text-align: center;\">Experience the religious traditions of Pochayiv Lavra<\/h4>&#13;\n&#13;\n<p>Unsere Guides zeigen Ihnen gerne diesen sch\u00f6nen Ort und erkl\u00e4ren Ihnen seine Geschichte. F\u00fcr diejenigen, die nicht aus der Ukraine stammen, geben wir einen Einblick in die Religionsgeschichte dieser Region und erkl\u00e4ren die Unterschiede und Br\u00e4uche zwischen der Ukrainischen Griechisch-Katholischen Kirche, der Ukrainisch-Orthodoxen Kirche und der Ukrainisch-Orthodoxen Kirche des Moskauer Patriarchats. Kommen Sie und tauchen Sie mit uns in einen Tag der spirituellen Erfahrungen ein!<\/p>&#13;\n&#13;\n<h4 class=\"wp-block-heading\" style=\"text-align: center;\">Kloster Pidkamin und Teufelsfelsen inklusive<\/h4>&#13;\n&#13;\n<p>Weniger bekannt, aber dennoch ein sch\u00f6ner Abstecher auf dem Roadtrip nach Potschajiw und zur\u00fcck ist der Ort Pidkamin. Diese kleine Stadt verf\u00fcgt \u00fcber eine bizarre Felsformation, die der Stadt ihren Namen gab. Der Inselberg ragt aus der Landschaft heraus und ist sicher einen Besuch wert. Das griechisch-katholische Kloster Pidkamin wird derzeit renoviert, ist aber trotzdem auch jetzt schon beeindruckend. An den meisten Tagen werden Sie dennoch in dieser Gegend mit den Guides allein sein. Auf diesem Tagesausflug ab Lemberg zum Kloster Potschajiw und nach Pidkamin k\u00f6nnen Sie einen echten Einblick des ukrainischen Landlebens gewinnen.<\/p>&#13;\n","protected":false},"excerpt":{"rendered":"<p>Es ist eines der sch\u00f6nsten Kl\u00f6ster in der Ukraine und ein Muss, wenn Sie in oder in der N\u00e4he von Lemberg sind: das Kloster Potschajiw Lavra. Das Kloster, das einst von M\u00f6nchen auf der Flucht vor Invasoren gegr\u00fcndet wurde, ist f\u00fcr viele Menschen zu einem Wallfahrtsort geworden. Die verschiedenen Kirchen verf\u00fcgen \u00fcber reiche Verzierungen, wundersch\u00f6ne Mosaike und vermitteln Ihnen wirklich das Gef\u00fchl, einen heiligen Ort zu besuchen. Derzeit k\u00f6nnen Sie nicht nur die H\u00f6hle besuchen, die der heiligste Ort des Klosters ist, sondern Sie k\u00f6nnen auch lokalen Handwerkern bei der Dekoration der W\u00e4nde und des Inneren der neuesten und gr\u00f6\u00dften Kathedrale zusehen.<\/p>\n","protected":false},"featured_media":4666,"template":"","meta":[],"product_brand":[],"product_cat":[60],"product_tag":[],"class_list":{"0":"post-5287","1":"product","2":"type-product","3":"status-publish","4":"has-post-thumbnail","6":"product_cat-tagesausfluege-lviv","8":"first","9":"instock","10":"virtual","11":"purchasable","12":"product-type-appointment"},"exclude_global_add_ons":false,"addons":[{"name":"+ Premium Tour (optional)","type":"multiple_choice","position":0,"required":false,"title_format":"label","default":"","description_enable":true,"description":"Einfache Stornierung und weitere Extras der Tour hinzuf\u00fcgen.","placeholder_enable":false,"placeholder":"","display":"select","restrictions_type":"any_text","adjust_price":false,"price":"","price_type":"flat_fee","restrictions":false,"min":"0","max":"0","options":[{"label":"Premium Tour pro Person","price":"15","price_type":"quantity_based","image":0,"visibility":true}]},{"name":"Abholort","type":"custom_text","position":0,"required":false,"title_format":"heading","default":"","description_enable":true,"description":"Bitte nennen Sie uns hier Namen und Adresse Ihrer Unterkunft, damit wir Sie f\u00fcr den Tagesausflug abholen k\u00f6nnen.","placeholder_enable":false,"placeholder":"","display":"select","restrictions_type":"any_text","adjust_price":false,"price":"","price_type":"flat_fee","restrictions":false,"min":"0","max":"0","options":[]}],"_links":{"self":[{"href":"https:\/\/lvivbuddy.com\/de\/wp-json\/wp\/v2\/product\/5287","targetHints":{"allow":["GET"]}}],"collection":[{"href":"https:\/\/lvivbuddy.com\/de\/wp-json\/wp\/v2\/product"}],"about":[{"href":"https:\/\/lvivbuddy.com\/de\/wp-json\/wp\/v2\/types\/product"}],"wp:featuredmedia":[{"embeddable":true,"href":"https:\/\/lvivbuddy.com\/de\/wp-json\/wp\/v2\/media\/4666"}],"wp:attachment":[{"href":"https:\/\/lvivbuddy.com\/de\/wp-json\/wp\/v2\/media?parent=5287"}],"wp:term":[{"taxonomy":"product_brand","embeddable":true,"href":"https:\/\/lvivbuddy.com\/de\/wp-json\/wp\/v2\/product_brand?post=5287"},{"taxonomy":"product_cat","embeddable":true,"href":"https:\/\/lvivbuddy.com\/de\/wp-json\/wp\/v2\/product_cat?post=5287"},{"taxonomy":"product_tag","embeddable":true,"href":"https:\/\/lvivbuddy.com\/de\/wp-json\/wp\/v2\/product_tag?post=5287"}],"curies":[{"name":"wp","href":"https:\/\/api.w.org\/{rel}","templated":true}]}}