{"id":5329,"date":"2021-12-02T21:18:01","date_gmt":"2021-12-02T19:18:01","guid":{"rendered":"https:\/\/local.lvivbuddy.com\/unkategorisiert\/lviv-ukrainische-weihnachtstour-mit-traditionellem-abendessen\/"},"modified":"2022-01-14T17:41:54","modified_gmt":"2022-01-14T15:41:54","slug":"ukrainische-weihnachten-lviv-stadtfuehrung-mit-weihnachtsessen","status":"publish","type":"product","link":"https:\/\/lvivbuddy.com\/de\/stadtfuehrungen-lviv\/ukrainische-weihnachten-lviv-stadtfuehrung-mit-weihnachtsessen\/","title":{"rendered":"Ukrainische Weihnachtstour Lviv mit festlichem Abendessen"},"content":{"rendered":"&#13;\n<p>Weihnachten in Lemberg beginnt jedes Jahr in der zweiten Dezemberh\u00e4lfte und dauert bis Epiphanien im orthodoxen Kalender, das am 19. Januar gefeiert wird. Abgesehen vom Weihnachtsmarkt in Lemberg, der eigentlich keine ukrainische Tradition ist, gibt es noch viele andere Dinge zu sehen und zu h\u00f6ren:<\/p>&#13;\n&#13;\n<ul class=\"wp-block-list\">&#13;\n<li>ein gro\u00dfer Didukh &#8211; so etwas wie ein ukrainischer Weihnachtsbaum aus Heu<\/li>&#13;\n<li>ein Vertep &#8211; eine Krippe im Stil eines Puppentheaters<\/li>&#13;\n<li>Kolyadki &#8211; traditionelle ukrainische Weihnachtslieder<\/li>&#13;\n<\/ul>&#13;\n&#13;\n<p>Aber Lviv ist nicht nur eine Stadt in der Ukrainer leben. Es ist auch ein religi\u00f6ses Zentrum der armenischen Minderheit in der Westukraine, die ihre eigenen Weihnachtstraditionen hat. Und Lviv wurde jahrhundertelang von Polen bewohnt, von denen es noch mehrere Tausend in der Stadt gibt. Auch sie feiern Weihnachten in Lemberg anders. Unsere Tour f\u00fchrt Sie daher an diese Orte und f\u00fchrt Sie in diese Traditionen ein. Obendrein ist Lviv auch ein Zentrum verschiedener Konfessionen &#8211; mehrere orthodoxe Gemeinschaften und die griechisch-katholische Kirche, die auch unterschiedliche religi\u00f6se Traditionen haben, sind in Lemberg zu finden. Unsere Tour ist die perfekte Gelegenheit, um einen Einblick in all diese Besonderheiten zu bekommen!<\/p>&#13;\n&#13;\n<h4 class=\"has-text-align-center wp-block-heading\">Probieren Sie ein original ukrainisches Weihnachtsessen in Lviv<\/h4>&#13;\n&#13;\n<p>Weihnachten ist in der Ukraine aber auch ein Fest des Essens. Und was w\u00e4re deshalb unsere Lviv Weihnachtstour ohne ein ukrainisches Weihnachtsessen? Genau wie bei unserer <a href=\"https:\/\/lvivbuddy.com\/lviv-ukrainian-food-tour\" target=\"_blank\" rel=\"noreferrer noopener\">Kulinarischen Stadtf\u00fchrung<\/a> ist die Weihnachtstour eine gute M\u00f6glichkeit, Sie in die ukrainische K\u00fcche einzuf\u00fchren! Das traditionelle Weihnachtsessen zum Swjaty Wetschyr (Heiligabend) besteht aus 12 Gerichten, die Ihnen alle w\u00e4hrend dieses Abendessens serviert werden. Zu den Gerichten geh\u00f6ren normalerweise:<\/p>&#13;\n&#13;\n<ul class=\"wp-block-list\">&#13;\n<li>Kutya &#8211; eine Brei aus Getreide, Waln\u00fcssen und Honig<\/li>&#13;\n<li>Borschtsch &#8211; Ukrainische Rote-Bete-Suppe, meist mit kleinen Teigtaschen (Vushka)<\/li>&#13;\n<li>Vareniki &#8211; Ukrainische Teigtaschen zu Weihnachten normalerweise mit Kohl<\/li>&#13;\n<li>Holubtsi &#8211; Kohlrouladen<\/li>&#13;\n<li>Pampushki &#8211; Krapfen, die typisch f\u00fcr Weihnachten in der Ukraine sind<\/li>&#13;\n<li>eingelegter Fisch &#8211; normalerweise Hering<\/li>&#13;\n<li>Usvar &#8211; ein Getr\u00e4nk aus Trockenfr\u00fcchten und Pflaumen<\/li>&#13;\n<\/ul>&#13;\n&#13;\n<p>Das ganze Abendessen hat zudem eine tradtionelle Abfolge, die an die Geburt Jesu Christi erinnert und mit den alten heidnischen Traditionen vermischt, wo an Heiligabend auch der verstorbenen Verwandten gedacht wird. Zus\u00e4tzlich erhalten Sie viele weitere Geschichten unserer Guides, ihre pers\u00f6nlichen Geschichten \u00fcber Weihnachten und \u00fcber ihre eigenen Familientraditionen. Denn jede Familie feiert das Fest etwas anders.<\/p>&#13;\n<p><em>Das Weihnachtsdinner selbst ist nur im Preis der Premium Tour enthalten!<\/em><\/p>&#13;\n","protected":false},"excerpt":{"rendered":"<p>W\u00e4hrend der gr\u00f6\u00dfte Teil Europas am 24. und 25. Dezember zu Weihnachten zusammenkommt, wird am 6. und 7. Januar in der Ukraine Weihnachten gefeiert. Dies spiegelt das Datum der Geburt Jesu Christi nach dem alten orthodoxen julianischen Kalender wieder. Und mit vielen Traditionen, die bis in die vorchristliche heidnische Zeit zur\u00fcckreichen, ist ukrainisches Weihnachten einzigartig. Deshalb m\u00f6chten Ihnen die ukrainischen Weihnachtstraditionen so nahe wie m\u00f6glich zu bringen und Sie den wahren Geist dieses wunderbaren Festes hier in Lviv sp\u00fcren lassen.<\/p>\n","protected":false},"featured_media":4198,"template":"","meta":[],"product_brand":[],"product_cat":[65],"product_tag":[],"class_list":{"0":"post-5329","1":"product","2":"type-product","3":"status-publish","4":"has-post-thumbnail","6":"product_cat-stadtfuehrungen-lviv","8":"first","9":"instock","10":"virtual","11":"purchasable","12":"product-type-appointment"},"exclude_global_add_ons":false,"addons":[{"name":"+ Premium Tour (Optional)","type":"multiple_choice","position":0,"required":false,"title_format":"label","default":"","description_enable":true,"description":"Add free hotel pick up, easy cancellation and more to your tour.","placeholder_enable":false,"placeholder":"","display":"select","restrictions_type":"any_text","adjust_price":false,"price":"","price_type":"flat_fee","restrictions":false,"min":"0","max":"0","options":[{"label":"Premium Tour per person","price":"20","price_type":"quantity_based","image":0,"visibility":true}]}],"_links":{"self":[{"href":"https:\/\/lvivbuddy.com\/de\/wp-json\/wp\/v2\/product\/5329","targetHints":{"allow":["GET"]}}],"collection":[{"href":"https:\/\/lvivbuddy.com\/de\/wp-json\/wp\/v2\/product"}],"about":[{"href":"https:\/\/lvivbuddy.com\/de\/wp-json\/wp\/v2\/types\/product"}],"wp:featuredmedia":[{"embeddable":true,"href":"https:\/\/lvivbuddy.com\/de\/wp-json\/wp\/v2\/media\/4198"}],"wp:attachment":[{"href":"https:\/\/lvivbuddy.com\/de\/wp-json\/wp\/v2\/media?parent=5329"}],"wp:term":[{"taxonomy":"product_brand","embeddable":true,"href":"https:\/\/lvivbuddy.com\/de\/wp-json\/wp\/v2\/product_brand?post=5329"},{"taxonomy":"product_cat","embeddable":true,"href":"https:\/\/lvivbuddy.com\/de\/wp-json\/wp\/v2\/product_cat?post=5329"},{"taxonomy":"product_tag","embeddable":true,"href":"https:\/\/lvivbuddy.com\/de\/wp-json\/wp\/v2\/product_tag?post=5329"}],"curies":[{"name":"wp","href":"https:\/\/api.w.org\/{rel}","templated":true}]}}