{"id":5342,"date":"2021-12-02T21:18:01","date_gmt":"2021-12-02T19:18:01","guid":{"rendered":"https:\/\/local.lvivbuddy.com\/unkategorisiert\/sowjetisches-lemberg-tour-durch-das-kommunistische-lemberg\/"},"modified":"2022-01-14T16:04:37","modified_gmt":"2022-01-14T14:04:37","slug":"sowjetisches-lviv-stadtfuehrung-kommunistisches-lvov","status":"publish","type":"product","link":"https:\/\/lvivbuddy.com\/de\/stadtfuehrungen-lviv\/sowjetisches-lviv-stadtfuehrung-kommunistisches-lvov\/","title":{"rendered":"Sowjetisches Lemberg &#8211; Tour durch das kommunistische Lemberg"},"content":{"rendered":"<div>\n<div>\n<div>\n<div>\n<div class=\"block-editor-block-list__layout\">\n<div id=\"block-d946a3cf-88c7-4307-8ffa-cad0309ae529\" class=\"wp-block block-editor-block-list__block has-selected-ui\" tabindex=\"0\" role=\"group\" data-block=\"d946a3cf-88c7-4307-8ffa-cad0309ae529\" data-type=\"core\/paragraph\" aria-label=\"Block: Paragraph\">\n<p class=\"rich-text block-editor-rich-text__editable wp-block-paragraph\" role=\"textbox\" aria-multiline=\"true\" aria-label=\"Paragraph block\">Die Idee eines sowjetischen Lembergs ist eigentlich paradox. Diese Stadt mit ihrer eklektischen Mischung aus Baustilen und Kulturen, die hier lebten, war nicht der Prototyp einer kommunistischen Musterstadt. Die Sowjets entwickelten jedoch schlie\u00dflich ganze Stadtteile und verwandelten Teile der Stadt in eine ideale sowjetische Stadt. Mit seiner Infrastruktur und den Plattenbauten k\u00f6nnen Sie hier viel \u00fcber die Geschichte der Sowjetunion erfahren und dabei vor allem Stadtbezirke au\u00dferhaln der Innenstadt von Lemberg entdecken. Auf unserer Tour durch das sowjetische Lwiw zeigen wir Ihnen die sowjetischen Viertel und erkl\u00e4ren Ihnen alles \u00fcber das Leben im kommunistischen Lemberg.<\/p>\n<h4 style=\"text-align: center;\" role=\"textbox\" aria-multiline=\"true\" aria-label=\"Paragraph block\">Unterdr\u00fcckung und Enteignung im kommunistischen Lviv<\/h4>\n<p class=\"rich-text block-editor-rich-text__editable wp-block-paragraph\" role=\"textbox\" aria-multiline=\"true\" aria-label=\"Paragraph block\">Als Lviv 1939 im Rahmen des Geheimprotokolls zum Molotow-Ribbentrop-Pakt erstmals besetzt wurde, erlebte die Bewohner eine Zeit intensiver Verfolgung. Die Elite der Stadt wurde interniert oder erschossen, Mitglieder patriotischer Bewegungen ins Gef\u00e4ngnis gesteckt oder deportiert. Der Kampf gegen diese Besetzung dauerte bis in die 1950er Jahre. Danach normalisierte sich die Lage. Die sowjetische Regierung unter Chruschtschow begann sich auf den Wohnungsbau zu konzentrieren.<\/p>\n<\/div>\n<div id=\"block-83885350-9c72-4c64-b2c6-49f9a7da1d51\" class=\"wp-block block-editor-block-list__block has-selected-ui\" tabindex=\"0\" role=\"group\" data-block=\"83885350-9c72-4c64-b2c6-49f9a7da1d51\" data-type=\"core\/heading\" aria-label=\"Block: Heading\">\n<h4 class=\"rich-text block-editor-rich-text__editable has-text-align-center\" style=\"text-align: center;\" role=\"textbox\" aria-multiline=\"true\" aria-label=\"Write heading\u2026\">Sowjetische Wohnh\u00e4user und Denkm\u00e4ler in Lemberg<\/h4>\n<\/div>\n<div id=\"block-93810dcb-60fc-4ac9-81ef-f7efd3730b54\" class=\"wp-block block-editor-block-list__block has-selected-ui\" tabindex=\"0\" role=\"group\" data-block=\"93810dcb-60fc-4ac9-81ef-f7efd3730b54\" data-type=\"core\/paragraph\" aria-label=\"Block: Paragraph\">\n<p class=\"rich-text block-editor-rich-text__editable wp-block-paragraph\" role=\"textbox\" aria-multiline=\"true\" aria-label=\"Paragraph block\">Die sowjetische Stadtplanung begann, Lwiw als Stadt umzugestalten. Viele Mikrorayons enststanden und neue repr\u00e4sentative Geb\u00e4ude wurden gebaut. Auf unserem Rundgang zeigen wir Ihnen die beeindruckendsten Bauwerke, Denkm\u00e4ler und Projekte und erkl\u00e4ren Ihnen sowohl die Bedeutung als auch die ideologischen Hintergr\u00fcnde der Stadtentwicklung in Lemberg unter kommunistischer F\u00fchrung. Wir werden Ihnen ein breites Bild der sowjetischen Gesellschaft in Lemberg und der Lebensweise der Menschen vermitteln. Und nat\u00fcrlich k\u00f6nnen Sie einiges davon hautnah erleben, wenn wir Sie in eine typisch sowjetische Kantine f\u00fchren, um typische Gerichte aus dieser Zeit zu probieren.<\/p>\n<\/div>\n<div class=\"block-list-appender\" tabindex=\"-1\"><\/div>\n<\/div>\n<\/div>\n<\/div>\n<\/div>\n<\/div>\n<div tabindex=\"0\"><\/div>\n","protected":false},"excerpt":{"rendered":"<p>Das sowjetische Lviv ist keine typische kommunistische Stadt und entstand durch den Willen der Sowjetmacht, eine ganze Stadt umzugestalten und ihre Vergangenheit mehr und mehr auszul\u00f6schen. Die UdSSR wollte Lemberg in eine Musterstadt verwandeln und ihre B\u00fcrger zu strikten Anh\u00e4ngern der kommunistischen Ideologie umformen. Jedoch zeigte sich dabei ein gro\u00dfes Problem: Die B\u00fcrger wollten das nicht. Diese Tour gibt Ihnen einen Einblick in die kommunistische Gesellschaft, ihre Architektur und verschiedene andere Aspekte der Sowjetmacht in Lemberg. Wir wollen Ihnen auch zeigen, was mit denen passierte, die der sowjetischen Ideologie nicht gefolgt sind.<\/p>\n","protected":false},"featured_media":4171,"template":"","meta":[],"product_brand":[],"product_cat":[65],"product_tag":[],"class_list":{"0":"post-5342","1":"product","2":"type-product","3":"status-publish","4":"has-post-thumbnail","6":"product_cat-stadtfuehrungen-lviv","8":"first","9":"instock","10":"virtual","11":"purchasable","12":"product-type-appointment"},"exclude_global_add_ons":false,"addons":[{"name":"+ Premium Tour (Optional)","type":"multiple_choice","position":0,"required":false,"title_format":"label","default":"","description_enable":true,"description":"Add free hotel pick up, easy cancellation and more to your tour.","placeholder_enable":false,"placeholder":"","display":"select","restrictions_type":"any_text","adjust_price":false,"price":"","price_type":"flat_fee","restrictions":false,"min":"0","max":"0","options":[{"label":"Premium Tour per person","price":"15","price_type":"quantity_based","image":0,"visibility":true}]}],"_links":{"self":[{"href":"https:\/\/lvivbuddy.com\/de\/wp-json\/wp\/v2\/product\/5342","targetHints":{"allow":["GET"]}}],"collection":[{"href":"https:\/\/lvivbuddy.com\/de\/wp-json\/wp\/v2\/product"}],"about":[{"href":"https:\/\/lvivbuddy.com\/de\/wp-json\/wp\/v2\/types\/product"}],"wp:featuredmedia":[{"embeddable":true,"href":"https:\/\/lvivbuddy.com\/de\/wp-json\/wp\/v2\/media\/4171"}],"wp:attachment":[{"href":"https:\/\/lvivbuddy.com\/de\/wp-json\/wp\/v2\/media?parent=5342"}],"wp:term":[{"taxonomy":"product_brand","embeddable":true,"href":"https:\/\/lvivbuddy.com\/de\/wp-json\/wp\/v2\/product_brand?post=5342"},{"taxonomy":"product_cat","embeddable":true,"href":"https:\/\/lvivbuddy.com\/de\/wp-json\/wp\/v2\/product_cat?post=5342"},{"taxonomy":"product_tag","embeddable":true,"href":"https:\/\/lvivbuddy.com\/de\/wp-json\/wp\/v2\/product_tag?post=5342"}],"curies":[{"name":"wp","href":"https:\/\/api.w.org\/{rel}","templated":true}]}}