{"id":5347,"date":"2021-12-02T21:18:01","date_gmt":"2021-12-02T19:18:01","guid":{"rendered":"https:\/\/local.lvivbuddy.com\/unkategorisiert\/lviv-ukrainische-food-tour-die-beste-lemberg-food-tour\/"},"modified":"2022-01-14T13:34:22","modified_gmt":"2022-01-14T11:34:22","slug":"kulinarische-stadtfuehrung-lemberg-lviv-gastro-tour-ukrainische-kueche","status":"publish","type":"product","link":"https:\/\/lvivbuddy.com\/de\/stadtfuehrungen-lviv\/kulinarische-stadtfuehrung-lemberg-lviv-gastro-tour-ukrainische-kueche\/","title":{"rendered":"Lviv Food Tour \u2013 Kulinarische Stadtf\u00fchrung Lemberg"},"content":{"rendered":"&#13;\n<p>Die beste Food-Tour durch Lviv ist die, die Ihnen alles Wesentliche zeigt und Ihnen echte Geheimtipps bietet. Auf unserer kulinarischen Stadtf\u00fchrung stellen wir Ihnen das beste ukrainische Essen in Lemberg vor. Wir kennen die besten Restaurants und Orte f\u00fcr die echten Delikatessen Lwiws. Haben Sie schon Borschtsch probiert? Es ist nicht so einfach, denn es gibt Hunderte von Arten und eine Menge, was Sie dar\u00fcber wissen sollten. Wir genie\u00dfen gemeinsam einige der besten Rote-Bete-Suppen, die Sie in der Ukraine finden k\u00f6nnen und erkl\u00e4ren Ihnen, worauf Sie bei der Suche nach dem besten Borschtsch achten m\u00fcssen.<\/p>&#13;\n&#13;\n<h4 class=\"wp-block-heading\" style=\"text-align: center;\">Bei der Herstellung von Vareniki zuschauen<\/h4>&#13;\n&#13;\n<p>Abgesehen von Borschtsch sind Vareniki das wichtigste ukrainische Essen. Erfahren Sie unter anderem, welche F\u00fcllung die beste ist. Einige Geheimnisse behalten wir uns aber f\u00fcr die F\u00fchrung vor und lassen Sie nat\u00fcrlich auch ihren eigenen Favoriten finden. Und obendrein zeigen wir Ihnen, wie Sie die Dinge selber herstellen k\u00f6nnen. Und was ist, wenn Sie Reste \u00fcbrig haben? Ukrainer haben auch tolle Vorschl\u00e4ge, was f\u00fcr Gerichte Sie aus den Essensresten herstellen k\u00f6nnen.<\/p>&#13;\n&#13;\n<h4 class=\"wp-block-heading\" style=\"text-align: center;\">Lokale Spezialit\u00e4ten auf einem Markt probieren<\/h4>&#13;\n&#13;\n<p>Um echte ukrainische Gerichte zuzubereiten, m\u00fcssen Sie nat\u00fcrlich wissen, nach welchen Zutaten Sie suchen m\u00fcssen. Nat\u00fcrlich sind die lokalen M\u00e4rkte von Lemberg die besten Orte, einige k\u00f6stliche Spezialit\u00e4ten von ukrainischen Bauern und Kleinproduzenten zu probieren. Wir zeigen Ihnen leckeren K\u00e4se und probieren Honig- und Milchprodukte sowie schmackhafte W\u00fcrste.<\/p>&#13;\n&#13;\n<h4 class=\"wp-block-heading\" style=\"text-align: center;\">Lernen Sie den ukrainischen saisonalen Kalender kennen<\/h4>&#13;\n&#13;\n<p>In einem Land, das einen Winter mit Temperaturen manchmal unter -20 Grad Celsius hat, w\u00e4chst nat\u00fcrlich nicht das ganze Jahr etwas. Deshalb wissen ukrainische Bauern und K\u00f6che, wie man aus jeder Jahreszeit das Beste herausholt und zu welchen Jahreszeiten sie welche speziellen Zutaten und Lebensmittel verwenden k\u00f6nnen. Wir bringen Ihnen alles bei und geben Ihnen das Wissen, das wir von allen unseren M\u00fcttern, Gro\u00dfm\u00fcttern, Tanten und anderen K\u00f6chen abgefragt haben, damit Sie das ganze Jahr \u00fcber ukrainischer und ges\u00fcnder leben k\u00f6nnen.<\/p>&#13;\n&#13;\n<h4 class=\"wp-block-heading\" style=\"text-align: center;\">Usvar, Kwas, Horilka und Bier &#8211; diese Getr\u00e4nke sind ein Muss<\/h4>&#13;\n&#13;\n<p>Wenn Sie immer noch nicht genug davon bekommen k\u00f6nnen, zeigen wir Ihnen die besten Orte, um hervorragende selbstgebrannte Schn\u00e4pse zu probieren. Von einem guten Horilka (ukrainischen Wodka) mit Honig oder Meerrettich bis hin zu Pflaumenbr\u00e4nden, gro\u00dfartigen Weinen von der Krim oder aus Transkarpatien bis hin zu lokal gebrauten Lemberger Bieren.<\/p>&#13;\n&#13;\n<h4 class=\"wp-block-heading\" style=\"text-align: center;\">Sicherheitshinweise f\u00fcr die Lviv Food Tour<\/h4>&#13;\n&#13;\n<p>Wir empfehlen, bereits bei der Buchung dieser Tour mit dem Fasten zu beginnen, damit Sie genug Platz im Bauch haben f\u00fcr all die Leckereien, die die Essens- und Kulturhauptstadt der Ukraine zu bieten hat! Wir haben definitiv genug Essen und Getr\u00e4nke f\u00fcr Ihre gesamte Reise nach Lemberg auf unserer Tour! Wir bieten diese Touren zum Mittag- oder Abendessen an. Buchen Sie jetzt diese unvergessliche Gastrotour!<\/p>&#13;\n","protected":false},"excerpt":{"rendered":"<p>Die ukrainische K\u00fcche ist eine der besten der Welt. Von Menschen geschaffen, die auf einigen der fruchtbarsten B\u00f6den leben, gibt es hier eine ganze Reihe interessanter Gerichte zu entdecken. Lviv hat als Hauptstadt Galiziens eine reiche Kulturgeschichte. Alle Kulturen, die nach Lemberg kamen, brachten ihr eigenes Essen mit und deshalb werden wir alle m\u00f6glichen Arten von Gerichten probieren. Von Borschtsch bis Wareniki \u00fcber Pilzsuppe und Buchweizenkuchen gibt es viel zu probieren. Wir erkl\u00e4ren Ihnen auch, warum Salo ein Synonym f\u00fcr Ukrainer ist. Und nat\u00fcrlich gibt es hier auch etwas Wodka zu probieren! Wir bringen Sie zu den jeweils besten Orten und zeigen Ihnen, wie die Gerichte hergestellt werden! Und nat\u00fcrlich k\u00f6nnen Sie jedes der Gerichte probieren.<\/p>\n","protected":false},"featured_media":4114,"template":"","meta":[],"product_brand":[],"product_cat":[65],"product_tag":[],"class_list":{"0":"post-5347","1":"product","2":"type-product","3":"status-publish","4":"has-post-thumbnail","6":"product_cat-stadtfuehrungen-lviv","8":"first","9":"instock","10":"virtual","11":"purchasable","12":"product-type-appointment"},"exclude_global_add_ons":false,"addons":[{"name":"+ Premium Tour (Optional)","type":"multiple_choice","position":0,"required":false,"title_format":"label","default":"","description_enable":true,"description":"Add free hotel pick up, easy cancellation and more to your tour.","placeholder_enable":false,"placeholder":"","display":"select","restrictions_type":"any_text","adjust_price":false,"price":"","price_type":"flat_fee","restrictions":false,"min":"0","max":"0","options":[{"label":"Premium Tour per person","price":"10","price_type":"quantity_based","image":0,"visibility":true}]}],"_links":{"self":[{"href":"https:\/\/lvivbuddy.com\/de\/wp-json\/wp\/v2\/product\/5347","targetHints":{"allow":["GET"]}}],"collection":[{"href":"https:\/\/lvivbuddy.com\/de\/wp-json\/wp\/v2\/product"}],"about":[{"href":"https:\/\/lvivbuddy.com\/de\/wp-json\/wp\/v2\/types\/product"}],"wp:featuredmedia":[{"embeddable":true,"href":"https:\/\/lvivbuddy.com\/de\/wp-json\/wp\/v2\/media\/4114"}],"wp:attachment":[{"href":"https:\/\/lvivbuddy.com\/de\/wp-json\/wp\/v2\/media?parent=5347"}],"wp:term":[{"taxonomy":"product_brand","embeddable":true,"href":"https:\/\/lvivbuddy.com\/de\/wp-json\/wp\/v2\/product_brand?post=5347"},{"taxonomy":"product_cat","embeddable":true,"href":"https:\/\/lvivbuddy.com\/de\/wp-json\/wp\/v2\/product_cat?post=5347"},{"taxonomy":"product_tag","embeddable":true,"href":"https:\/\/lvivbuddy.com\/de\/wp-json\/wp\/v2\/product_tag?post=5347"}],"curies":[{"name":"wp","href":"https:\/\/api.w.org\/{rel}","templated":true}]}}