{"id":5350,"date":"2021-12-02T21:18:01","date_gmt":"2021-12-02T19:18:01","guid":{"rendered":"https:\/\/local.lvivbuddy.com\/unkategorisiert\/lychakiw-cemetery-tour-der-erstaunliche-friedhof-von-lemberg\/"},"modified":"2022-01-14T17:24:57","modified_gmt":"2022-01-14T15:24:57","slug":"lviv-lytschakiwski-friedhof-lemberg-tour","status":"publish","type":"product","link":"https:\/\/lvivbuddy.com\/de\/stadtfuehrungen-lviv\/lviv-lytschakiwski-friedhof-lemberg-tour\/","title":{"rendered":"Tour Lviv Friedhof Lytschakiw \u2013 Der Friedhof von Lemberg"},"content":{"rendered":"&#13;\n<p>Der Lytschakiwski-Friedhof bietet Ihnen eine umfassende Tour durch Lemberg und seine Kultur seit seiner Gr\u00fcndung unter \u00f6sterreichischer Herrschaft im Jahr 1786. Von den mehr als 300.000 Gr\u00e4bern erfahren Sie alle Details, die dieser Ort zu bieten hat. Vielleicht sind nicht alle Namen derer, die auf dem Lytschakiwski-Friedhof in Lemberg beigesetzt sind, bekannt. Aber die Geschichten dieser Menschen sind einfach faszinierend und geben einen Einblick in das Leben zu \u00f6sterreichischen Zeiten:<\/p>&#13;\n&#13;\n<ul>&#13;\n<li><strong>Baczewski family<\/strong> &#8211; The Baczewski family once owned the most important vodka company in all of Poland. They had the best marketing, the best products and the most famous people in Europe drank their vodka. But this legacy almost came to a tragic and complete end.<\/li><\/ul>&#13;\n<li><strong>Solomiya Krushelnytska<\/strong> &#8211; One of the most talented singers to have ever wandered on earth, Solomia Krushelnitska became so famous, that she even made it to become a singer at the Scala of Milan.<\/li>&#13;\n<li><strong>Ivan Levynskyi<\/strong> &#8211; The owner of a factory, he became one of the most influential architects in the city of Lviv. There is hardly any building of fame, which is not associated with him in Lviv.<\/li>&#13;\n&#13;\n&#13;\n<p>Das sind nur drei der Pers\u00f6nlichkeiten, \u00fcber die wir auf der Tour sprechen werden. Aber nat\u00fcrlich werden wir Ihnen auch all die anderen hier begrabenen Pers\u00f6nlichkeiten vorstellen: Iwan Franko, Stepan Banach, Maria Konopnicka oder Wolodymyr Iwasjuk zum Beispiel.<\/p>&#13;\n&#13;\n<h4 class=\"has-text-align-center wp-block-heading\" style=\"text-align: center;\">Die Geschichte Galiziens auf dem Lytschakiwski-Friedhof verstehen<\/h4>&#13;\n&#13;\n<p>Und mit den Menschen und ihren Gr\u00e4bern gibt es auch eine Gedenkkultur, die viel \u00fcber die Vergangenheit ganz Galiziens erz\u00e4hlt. Hier liegen Soldaten unterschiedlicher Armeen begraben, die f\u00fcr verschiedene Nationen Helden sind. Oft wurden Feinde sogar direkt nebeneinander bestattet. Hier k\u00f6nnen wir Ihnen von den Ereignissen des Ersten und Zweiten Weltkriegs und dem Kampf der Polen und der Ukrainer um die Wiedererlangung einer unabh\u00e4ngigen Nation erz\u00e4hlen. Begleiten Sie uns, um die Geschichte von Lemberg und Galiziens auf diesem wundersch\u00f6nen Friedhof zu erleben!<\/p>&#13;\n","protected":false},"excerpt":{"rendered":"<p>Als einer der sch\u00f6nsten Friedh\u00f6fe Europas beeindruckt der Lytschakiwski-Friedhof nicht nur durch seine Architektur. Es ist der perfekte Ort, um die Menschen kennenzulernen, die Lemberg zu einem kulturellen Schmelztiegel gemacht haben. Auf unserem Rundgang \u00fcber den Lytschakiwski-Friedhof erfahren nicht nur mehr \u00fcber die ukrainische Geschichte von Lemberg.<\/p>\n","protected":false},"featured_media":4084,"template":"","meta":[],"product_brand":[],"product_cat":[65],"product_tag":[],"class_list":{"0":"post-5350","1":"product","2":"type-product","3":"status-publish","4":"has-post-thumbnail","6":"product_cat-stadtfuehrungen-lviv","8":"first","9":"instock","10":"virtual","11":"purchasable","12":"product-type-appointment"},"exclude_global_add_ons":false,"addons":[{"name":"+ Premium Tour (Optional)","type":"multiple_choice","position":0,"required":false,"title_format":"label","default":"","description_enable":true,"description":"Add free hotel pick up, easy cancellation and more to your tour.","placeholder_enable":false,"placeholder":"","display":"select","restrictions_type":"any_text","adjust_price":false,"price":"","price_type":"flat_fee","restrictions":false,"min":"0","max":"0","options":[{"label":"Premium Tour per person","price":"10","price_type":"quantity_based","image":0,"visibility":true}]}],"_links":{"self":[{"href":"https:\/\/lvivbuddy.com\/de\/wp-json\/wp\/v2\/product\/5350","targetHints":{"allow":["GET"]}}],"collection":[{"href":"https:\/\/lvivbuddy.com\/de\/wp-json\/wp\/v2\/product"}],"about":[{"href":"https:\/\/lvivbuddy.com\/de\/wp-json\/wp\/v2\/types\/product"}],"wp:featuredmedia":[{"embeddable":true,"href":"https:\/\/lvivbuddy.com\/de\/wp-json\/wp\/v2\/media\/4084"}],"wp:attachment":[{"href":"https:\/\/lvivbuddy.com\/de\/wp-json\/wp\/v2\/media?parent=5350"}],"wp:term":[{"taxonomy":"product_brand","embeddable":true,"href":"https:\/\/lvivbuddy.com\/de\/wp-json\/wp\/v2\/product_brand?post=5350"},{"taxonomy":"product_cat","embeddable":true,"href":"https:\/\/lvivbuddy.com\/de\/wp-json\/wp\/v2\/product_cat?post=5350"},{"taxonomy":"product_tag","embeddable":true,"href":"https:\/\/lvivbuddy.com\/de\/wp-json\/wp\/v2\/product_tag?post=5350"}],"curies":[{"name":"wp","href":"https:\/\/api.w.org\/{rel}","templated":true}]}}