{"id":5365,"date":"2021-12-02T21:18:01","date_gmt":"2021-12-02T19:18:01","guid":{"rendered":"https:\/\/local.lvivbuddy.com\/unkategorisiert\/lemberg-street-art-tour\/"},"modified":"2022-01-14T13:46:35","modified_gmt":"2022-01-14T11:46:35","slug":"lviv-street-art-stadtfuehrung","status":"publish","type":"product","link":"https:\/\/lvivbuddy.com\/de\/stadtfuehrungen-lviv\/lviv-street-art-stadtfuehrung\/","title":{"rendered":"Lviv Street Art Tour"},"content":{"rendered":"&#13;\n<p>Einige Street-Art-Werke in Lviv sind leicht zu erkennen, da es sich um gro\u00dfformatige Wandgem\u00e4lde im \u00f6ffentlichen Raum handelt. Aber was ist mit der Kunst, die nicht riesig ist? Um sie zu finden, muss man sich in Lviv besser auskennen. Deshalb haben wir eine Route erstellt, die euch zu all den einzigartigen Kunstwerken f\u00fchrt, die Lviv ein neues Gesicht geben. Wenn ihr die Ecken sehen m\u00f6chten, die ihr alleine nie finden w\u00fcrdet, dann ist die Lviv Street Art Tour genau das Richtige f\u00fcr euch. Wir haben viel Zeit investiert, um alle <a href=\"https:\/\/lvivbuddy.com\/lviv-street-art-project-reminds-on-war-in-eastern-ukraine\/\" target=\"_blank\" rel=\"noreferrer noopener\">Geschichten hinter den Werken<\/a> herauszufinden, die wir euch zeigen. Wir kennen die Hintergr\u00fcnde, die K\u00fcnstler und die Intentionen. Wir k\u00f6nnen euch Dutzende Geschichten erz\u00e4hlen, die ihr in keinem Buch \u00fcber Street Art findet.<\/p>&#13;\n&#13;\n<h4 class=\"wp-block-heading\" style=\"text-align: center;\">Sprecht mit den K\u00fcnstlern der Lviv Street Art<\/h4>&#13;\n&#13;\n<p>Wir f\u00fchren euch auch an Orte, an denen neue Kunst entsteht. Ein Ort, den ihr nicht verpassen solltet, ist eine alte Ger\u00e4tefabrik, die jetzt in ein Kunstzentrum umgewandelt wurde. K\u00fcnstler k\u00f6nnen hier f\u00fcr ein paar Hrivnia Ateliers mieten. Und es funktioniert! Hier findet ihr alle Arten von Kreativen, von Malern \u00fcber Theaterk\u00fcnstler, Grafik- und Modedesigner, Fotografen bis hin zu Street-Art- und Graffitik\u00fcnstlern. Und weil wir Kunst lieben und euch einen echten Einblick geben m\u00f6chten, kennen wir einige davon pers\u00f6nlich und m\u00f6chten, dass ihr mit ihnen in Kontakt treten k\u00f6nnt. Ihr k\u00f6nnt die K\u00fcnstler alles \u00fcber ihre Kunst fragen und ihren Standpunkt zur Kunstszene in Lviv und der Ukraine erfahren.<\/p>&#13;\n&#13;\n<h4 class=\"wp-block-heading\" style=\"text-align: center;\">Mehr als nur Wandbilder<\/h4>&#13;\n&#13;\n<p>Und wir haben euch so viel zu zeigen, dass wir tats\u00e4chlich sorgf\u00e4ltig ausw\u00e4hlen. Weil Kunst nicht nur auf Wandmalerei beschr\u00e4nkt ist, erkundet ihr mit uns Skulpturen, Ausstellungen, kleine Kunstgesch\u00e4fte und Galerien. Und wir f\u00fchren euch in die Hinterh\u00f6fe der Stadt, wo die Anwohner erstaunliche Sammlungen von Alltagskunst aufgestellt und eine gem\u00fctliche und kreative Umgebung f\u00fcr sich und die Besucher von Lemberg geschaffen haben.<\/p>&#13;\n","protected":false},"excerpt":{"rendered":"<p>Street Art in Lviv ist in den letzten Jahren so vielf\u00e4ltig geworden, dass es eine echte Challenge ist, sie zu erkunden. Das Gesicht von Lviv ver\u00e4ndert sich jeden Tag. Nach der Revolution der W\u00fcrde, dem EuroMaidan, k\u00f6nnen sich K\u00fcnstler in der Ukraine nun frei \u00e4u\u00dfern. Immer mehr Wandgem\u00e4lde tauchen auf und selbst in versteckten Ecken findet man charakteristische Bilder von Street-Art-K\u00fcnstlern aus der ganzen Ukraine und Europa. Auch in Lviv wird die Kunstszene st\u00e4rker. Die Lviv Street Art Tour f\u00fchrt euch in diese verborgene Kunst ein.<\/p>\n","protected":false},"featured_media":4048,"template":"","meta":[],"product_brand":[],"product_cat":[65],"product_tag":[],"class_list":{"0":"post-5365","1":"product","2":"type-product","3":"status-publish","4":"has-post-thumbnail","6":"product_cat-stadtfuehrungen-lviv","8":"first","9":"instock","10":"virtual","11":"purchasable","12":"product-type-appointment"},"exclude_global_add_ons":false,"addons":[{"name":"+ Premium Tour (Optional)","type":"multiple_choice","position":0,"required":false,"title_format":"label","default":"","description_enable":true,"description":"Add free hotel pick up, easy cancellation and more to your tour.","placeholder_enable":false,"placeholder":"","display":"select","restrictions_type":"any_text","adjust_price":false,"price":"","price_type":"flat_fee","restrictions":false,"min":"0","max":"0","options":[{"label":"Premium Tour per person","price":"5","price_type":"quantity_based","image":0,"visibility":true}]}],"_links":{"self":[{"href":"https:\/\/lvivbuddy.com\/de\/wp-json\/wp\/v2\/product\/5365","targetHints":{"allow":["GET"]}}],"collection":[{"href":"https:\/\/lvivbuddy.com\/de\/wp-json\/wp\/v2\/product"}],"about":[{"href":"https:\/\/lvivbuddy.com\/de\/wp-json\/wp\/v2\/types\/product"}],"wp:featuredmedia":[{"embeddable":true,"href":"https:\/\/lvivbuddy.com\/de\/wp-json\/wp\/v2\/media\/4048"}],"wp:attachment":[{"href":"https:\/\/lvivbuddy.com\/de\/wp-json\/wp\/v2\/media?parent=5365"}],"wp:term":[{"taxonomy":"product_brand","embeddable":true,"href":"https:\/\/lvivbuddy.com\/de\/wp-json\/wp\/v2\/product_brand?post=5365"},{"taxonomy":"product_cat","embeddable":true,"href":"https:\/\/lvivbuddy.com\/de\/wp-json\/wp\/v2\/product_cat?post=5365"},{"taxonomy":"product_tag","embeddable":true,"href":"https:\/\/lvivbuddy.com\/de\/wp-json\/wp\/v2\/product_tag?post=5365"}],"curies":[{"name":"wp","href":"https:\/\/api.w.org\/{rel}","templated":true}]}}