{"id":5366,"date":"2021-12-02T21:18:00","date_gmt":"2021-12-13T15:17:07","guid":{"rendered":"https:\/\/local.lvivbuddy.com\/unkategorisiert\/lemberg-ganztagestour\/"},"modified":"2022-01-06T23:20:16","modified_gmt":"2022-01-06T23:20:16","slug":"lviv-ganztagestour","status":"publish","type":"product","link":"https:\/\/lvivbuddy.com\/de\/stadtfuehrungen-lviv\/lviv-ganztagestour\/","title":{"rendered":"Lemberg Ganztagestour"},"content":{"rendered":"&#13;\n<p>Wenn Ihr Besuch in Lemberg nur kurz ist, aber gerade genug Zeit bleibt, um einen Tag frei zu machen, kann unsere Lemberg Ganztagestour die perfekte L\u00f6sung f\u00fcr Sie sein. Das Stadtzentrum von Lemberg ist f\u00fcr eine Stadt mit fast 1 Million Einwohnern recht kompakt. Aber es gibt viele Orte in Lemberg, zu denen wir zu Fu\u00df oder mit dem Auto fahren werden, um wirklich sicherzustellen, dass Sie Dinge sehen, die Sie sehen m\u00fcssen. Auf unserer Tour k\u00f6nnen wir daher alle wichtigen Sehensw\u00fcrdigkeiten der Innenstadt abdecken und viele lustige Dinge, die Sie sich nicht entgehen lassen sollten. Sie werden mehr \u00fcber diese Stadt erfahren, als Sie sich jemals vorstellen k\u00f6nnen. Wir werden den Tag daher in mehrere Teile unterteilen.<\/p>&#13;\n&#13;\n<h4 class=\"has-text-align-left wp-block-heading\" style=\"text-align: center;\">Vormittagstour durch die Altstadt von Lemberg<\/h4>&#13;\n&#13;\n<p>Machen Sie einen entspannten Spaziergang und sehen Sie mit uns alle wichtigen Orte der Altstadt. Nat\u00fcrlich beginnen wir mit einem Kreis um den Rynok, den Marktplatz und sehen die<\/p>&#13;\n&#13;\n<ul class=\"wp-block-list\">&#13;\n<li>das Rathaus<\/li>&#13;\n<li>Italienischer Hof und Kornyakt-Palast<\/li>&#13;\n<li>Etwas Interessantes Kunsthof<\/li>&#13;\n<li>Boim-Kapelle<\/li>&#13;\n<li>Lateinische Kathedrale<\/li>&#13;\n<\/ul>&#13;\n&#13;\n<p>Von dort ist es nur ein Katzensprung zu den mittelalterlichen Vierteln der Stadt. Deshalb laden wir Sie ein, mit uns das j\u00fcdische Viertel in der Altstadt zu erkunden und die Ruinen der ber\u00fchmtesten Synagoge Osteuropas, der Goldenen Rose Synagoge, zu besichtigen. Nicht weit ist auch der alte Stadtteil der Armenier in Lemberg. Sie haben sich hier seit dem 13. Jahrhundert niedergelassen und ihre alte Kathedrale ist einer der beliebtesten Orte der Lviver und Touristen gleicherma\u00dfen. Einst die Stadt der 100 Kirchen genannt, ist diese Zahl inzwischen \u00fcberschritten. Aber dennoch gibt es einige der sch\u00f6nsten Kirchen in der Umgebung. Wir werden die Dominikanerkirche und das Dominikanerkloster, die Dormitio-Kirche und die Verkl\u00e4rungskirche besuchen.<\/p>&#13;\n&#13;\n<h4 class=\"has-text-align-left wp-block-heading\" style=\"text-align: center;\">Erfahren Sie mehr \u00fcber die ber\u00fchmten Pers\u00f6nlichkeiten von Lemberg<\/h4>&#13;\n&#13;\n<p>Lemberg war nicht nur Heimat der Kulturen. Es war auch die Heimat einiger ber\u00fchmter Pers\u00f6nlichkeiten. Wussten Sie, dass der Sohn von Mozart 30 Jahre in Lemberg gelebt hat und in dieser Stadt die Liebe seines Lebens kennengelernt hat? Auch der Begriff Masochismus w\u00fcrde nicht existieren, wenn nicht ein Mann in dieser Stadt geboren w\u00e4re. Und wussten Sie, dass einer der ber\u00fchmtesten Mathematiker der Welt den Zweiten Weltkrieg durch das F\u00fcttern von L\u00e4usen \u00fcberlebt hat? Es gibt auch viele tragische Geschichten, wie die von Dorothea Vogel oder die von Erno Erb, die gro\u00dfe K\u00fcnstler waren, aber dennoch in der Shoah ums Leben kamen. Es gibt viele Biografien, die eng mit dieser wunderbaren Stadt verbunden sind und die man kennen lernen muss!<\/p>&#13;\n&#13;\n<h4 class=\"has-text-align-left wp-block-heading\" style=\"text-align: center;\">Sehen Sie skurrile und k\u00fcnstlerische Attraktionen auf der Ganztagestour durch Lviv<\/h4>&#13;\n&#13;\n<p>Lemberg bietet auch einige wirklich lustige und skurrile Attraktionen. Am bekanntesten ist der Yard of Lost Toys. Diese seltsame \u00c4hnlichkeit mit verlassenen Spielzeugen ist entweder wirklich s\u00fc\u00df oder wirklich gruselig \u2013 je nachdem, was Sie denken. In unmittelbarer N\u00e4he befindet sich auch das Freilichtmuseum der Sowjetunion. Es ist ein Hof mit vielen Dingen, die die Leute beim Renovieren aus ihren H\u00e4usern verbannt haben. Aber wussten Sie, dass es in Lemberg auch ein Denkmal f\u00fcr einen Rucksack gibt? Ja, das finden wir auch seltsam. Oder m\u00f6chten Sie sowjetische H\u00fcte und Medaillen kaufen oder bevorzugen Sie alte polnische Zeitungen? Dar\u00fcber hinaus w\u00fcrden wir Sie gerne zu einer der ersten unabh\u00e4ngigen Galerien des Landes f\u00fchren &#8211; Dzyga. Es gibt dort sogar eine Skulptur, die einer der ber\u00fchmtesten Rockbands aller Zeiten gewidmet ist. Und nat\u00fcrlich bringen Ihnen einige der Denkm\u00e4ler Gl\u00fcck \u2013 oder in einem Fall speziell f\u00fcr Ihr Sexualleben. Kein Viagra n\u00f6tig &#8211; nehmen Sie einfach diese Tour mit uns und alles wird gut!<\/p>&#13;\n&#13;\n<h4 class=\"has-text-align-left wp-block-heading\" style=\"text-align: center;\">Entdecken Sie die beeindruckende Architektur bei einer Tagestour durch Lwiw<\/h4>&#13;\n&#13;\n<p>Lemberg ist auch f\u00fcr seine Architektur ber\u00fchmt. Das meiste davon hat die Kriege in der Gegend \u00fcberstanden und pr\u00e4sentiert Ihnen jetzt eine der besten Stilmischungen, die Sie jemals sehen werden. Renaissance, Manierismus, Klassizismus, Neobarock, Neugotik, ukrainische Secession und Jugendstil, Art Deco und kommunistische Architektur der 1940er bis 1980er Jahre. Es ist ein wahrer Schatz, mehr \u00fcber die Baukunst in diesem Schatz der Ukraine zu erfahren! Neben den Sehensw\u00fcrdigkeiten unserer sch\u00f6nen Altstadt geh\u00f6ren diese architektonischen Kleinode zum Rundgang:<\/p>&#13;\n&#13;\n<ul class=\"wp-block-list\">&#13;\n<li>Nationale Ivan Franko Universit\u00e4t<\/li>&#13;\n<li>Haus der Wissenschaftler<\/li>&#13;\n<li>St.-Georgs-Kathedrale<\/li>&#13;\n<li>Potocki-Palast (nur au\u00dfen)<\/li>&#13;\n<li>Haus der ukrainischen Secession<\/li>&#13;\n<\/ul>&#13;\n&#13;\n<h4 class=\"has-text-align-left wp-block-heading\" style=\"text-align: center;\">Entdecken Sie die leckere Seite von Lemberg mit seinen Speisen und Getr\u00e4nken<\/h4>&#13;\n&#13;\n<p>Da wir den ganzen Tag zusammen verbringen werden, haben wir auch die M\u00f6glichkeit, alle m\u00f6glichen Speisen und Getr\u00e4nke gemeinsam zu entdecken. Es wird nicht unsere komplette ukrainische Food Tour sein, die wir Ihnen auch dringend empfehlen, aber Sie werden mit Sicherheit ein echtes ukrainisches Essen mit einigen leckeren lokalen Gerichten probieren. Und da eine unserer ikonischen Dinge eine Kaffeepause ist, haben wir auch gen\u00fcgend Zeit, um Ihnen alles \u00fcber den lokalen Kaffee in der ukrainischen Hauptstadt des Kaffees und \u00fcber all die Kuchen zu erz\u00e4hlen, die die \u00d6sterreicher hierher gebracht haben. Lecker!<\/p>&#13;\n","protected":false},"excerpt":{"rendered":"<p>Sie denken, dass Sie Lemberg sp\u00fcren k\u00f6nnen, glauben aber, dass es mehr zu entdecken gibt als das, was Sie bei einem kurzen Spaziergang durch die Stadt sehen? Daf\u00fcr haben wir die Lviv All Inclusive Ganztagestour entworfen. Im Wesentlichen m\u00f6chten wir Ihnen an einem Tag so viel wie m\u00f6glich von Lemberg zeigen. Und glauben Sie uns, es gibt noch viel mehr! Aber wenn Sie an unserer Lviv All Inclusive Ganztagestour teilnehmen, dann kennen Sie die Stadt bereits besser als die meisten Menschen, die hier leben!<\/p>\n","protected":false},"featured_media":4174,"template":"","meta":[],"product_brand":[],"product_cat":[65],"product_tag":[],"class_list":{"0":"post-5366","1":"product","2":"type-product","3":"status-publish","4":"has-post-thumbnail","6":"product_cat-stadtfuehrungen-lviv","8":"first","9":"instock","10":"virtual","11":"purchasable","12":"product-type-appointment"},"exclude_global_add_ons":false,"addons":[{"name":"+ Premium Tour (optional)","type":"multiple_choice","position":0,"required":false,"title_format":"label","default":"","description_enable":true,"description":"Erweitern Sie Ihre Tour um eine pers\u00f6nliche Abholung vom Hotel, einfache Stornierung und mehr.","placeholder_enable":false,"placeholder":"","display":"select","restrictions_type":"any_text","adjust_price":false,"price":"","price_type":"flat_fee","restrictions":false,"min":"0","max":"0","options":[{"label":"Premium Tour pro Person","price":"20","price_type":"quantity_based","image":0,"visibility":true}]}],"_links":{"self":[{"href":"https:\/\/lvivbuddy.com\/de\/wp-json\/wp\/v2\/product\/5366","targetHints":{"allow":["GET"]}}],"collection":[{"href":"https:\/\/lvivbuddy.com\/de\/wp-json\/wp\/v2\/product"}],"about":[{"href":"https:\/\/lvivbuddy.com\/de\/wp-json\/wp\/v2\/types\/product"}],"wp:featuredmedia":[{"embeddable":true,"href":"https:\/\/lvivbuddy.com\/de\/wp-json\/wp\/v2\/media\/4174"}],"wp:attachment":[{"href":"https:\/\/lvivbuddy.com\/de\/wp-json\/wp\/v2\/media?parent=5366"}],"wp:term":[{"taxonomy":"product_brand","embeddable":true,"href":"https:\/\/lvivbuddy.com\/de\/wp-json\/wp\/v2\/product_brand?post=5366"},{"taxonomy":"product_cat","embeddable":true,"href":"https:\/\/lvivbuddy.com\/de\/wp-json\/wp\/v2\/product_cat?post=5366"},{"taxonomy":"product_tag","embeddable":true,"href":"https:\/\/lvivbuddy.com\/de\/wp-json\/wp\/v2\/product_tag?post=5366"}],"curies":[{"name":"wp","href":"https:\/\/api.w.org\/{rel}","templated":true}]}}