{"id":5371,"date":"2021-11-27T23:01:51","date_gmt":"2021-11-27T21:01:51","guid":{"rendered":"https:\/\/local.lvivbuddy.com\/unkategorisiert\/basic-lviv-kurze-private-lemberg-tour-2-stunden\/"},"modified":"2022-01-14T12:49:24","modified_gmt":"2022-01-14T10:49:24","slug":"lviv-kurz-tour","status":"publish","type":"product","link":"https:\/\/lvivbuddy.com\/de\/stadtfuehrungen-lviv\/lviv-kurz-tour\/","title":{"rendered":"Lviv Kurz-Tour \u2013 Lemberg im Schnelldurchlauf in 2 Stunden"},"content":{"rendered":"&#13;\n<p>Wir haben diese 2-st\u00fcndige Lemberg-Tour zusammengestellt, um Ihnen das Beste von Lemberg zu zeigen, auch wenn Sie nicht viel Zeit haben. Auf der Basic Lviv Tour zeigen wir Ihnen die wichtigsten Orte der Altstadt und geben Ihnen einen guten Einblick in die Geschichte. Wir erkl\u00e4ren Ihnen, wie Lviv gegr\u00fcndet und immer wieder neu aufgebaut wurde. Au\u00dferdem r\u00e4umen wir mit den Mythen auf, dass die Ukraine ein Teil Russlands war &#8211; denn Lemberg war es nie. Das alles schaffen wir in zwei Stunden.<\/p>&#13;\n<h4 style=\"text-align: center;\">Many places to see in 2 hours in Lviv<\/h4>&#13;\n<p>In Lviv gibt es viele Sehensw\u00fcrdigkeiten. Aber die Altstadt, die seit 1998 zum UNESCO-Weltkulturerbe geh\u00f6rt, bietet die meisten der wichtigsten Sehensw\u00fcrdigkeiten in geringer Entfernung voneinander. So sind 2 Stunden gerade genug Zeit, um die wichtigsten Orte in Lviv zu sehen. Daher werden Sie auf unserer Lviv Kurz-Tour die folgenden Orte sehen k\u00f6nnen:<\/p>&#13;\n&#13;\n<ul class=\"wp-block-list\">&#13;\n<li>Marktplatz mit Rathaus<\/li>&#13;\n<li>Italienischer Hof und Kornyakt-Palast<\/li>&#13;\n<li>Boim-Kapelle<\/li>&#13;\n<li>Lateinische Kathedrale<\/li>&#13;\n<li>Altes j\u00fcdisches Viertel<\/li>&#13;\n<li>Ruine der Goldenen-Rose-Synagoge<\/li>&#13;\n<li>Denkmal f\u00fcr Leopold von Sacher-Masoch<\/li>&#13;\n<li>B\u00fccherflohmarkt<\/li>&#13;\n<li>H\u00e4user der ukrainischen Secession<\/li>&#13;\n<li>Dominikanerkirche und Kloster<\/li>&#13;\n<li>Dzyga-Kunstgalerie<\/li>&#13;\n<li>Armenische Kathedrale und Armenisches Viertel<\/li>&#13;\n<li>Lemberg Oper<\/li>&#13;\n<\/ul>&#13;\n&#13;\n<p>Sie fragen sich, warum viele so viele Sehensw\u00fcrdigkeiten sind? Wir m\u00f6chten, dass Sie auch auf einer kurzen Tour nichts verpassen. Die Altstadt von Lemberg ist sehr gut zu Fu\u00df zu erkunden und es ist kein Problem, diese Stadt in so kurzer Zeit auf einer Stadtf\u00fchrung zu Fu\u00df zu erleben.<\/p>&#13;\n&#13;\n<h4 class=\"has-text-align-center wp-block-heading\" style=\"text-align: center;\">Flexibles Timing<\/h4>&#13;\n&#13;\n<p>Das Tolle an unseren privaten Touren ist auch, dass Sie sie einfach in Ihren Terminkalender einbauen k\u00f6nnen. Wenn Sie gesch\u00e4ftlich hier sind oder nur wenig Zeit f\u00fcr Sightseeing w\u00e4hrend Ihres Besuches haben, passen unsere Touren perfekt dazu und zeigen Ihnen, genau die Lemberg Sehensw\u00fcrdigkeiten in der Zeit, die Sie in Lviv zur Verf\u00fcgung haben. Dabei hilft auch, dass wir nur wenige Sehensw\u00fcrdigkeiten von innen besichtigen, denn viele bieten den sch\u00f6nsten Anblick von au\u00dfen. Zus\u00e4tzlich k\u00f6nnen wir bei Zeitmangel auch einen Transfer innerhalb der Stadt organisieren, damit Sie es rechtzeitig zu Ihren Terminen schaffen. Kontaktieren Sie uns, wenn Sie weitere Fragen haben!<\/p>&#13;\n","protected":false},"excerpt":{"rendered":"<p>Sie haben nicht viel Zeit, m\u00f6chten aber zumindest die besten Sehensw\u00fcrdigkeiten in Lemberg sehen? Genau daf\u00fcr haben wir diese 2-st\u00fcndige Basic Lviv Tour erstellt: Um Ihnen einen groben \u00dcberblick zu geben und damit Sie einen erfrischenden und kurzen Einblick in die wundervolle und erstaunliche Geschichte von Lemberg bekommen k\u00f6nnen.<\/p>\n","protected":false},"featured_media":3931,"template":"","meta":[],"product_brand":[],"product_cat":[65],"product_tag":[66],"class_list":{"0":"post-5371","1":"product","2":"type-product","3":"status-publish","4":"has-post-thumbnail","6":"product_cat-stadtfuehrungen-lviv","7":"product_tag-barrierefrei","9":"first","10":"instock","11":"virtual","12":"purchasable","13":"product-type-appointment"},"exclude_global_add_ons":false,"addons":[{"name":"+ Premium Tour (Optional)","type":"multiple_choice","position":0,"required":false,"title_format":"label","default":"","description_enable":true,"description":"Add free hotel pick up, easy cancellation and more to your tour.","placeholder_enable":false,"placeholder":"","display":"select","restrictions_type":"any_text","adjust_price":false,"price":"","price_type":"flat_fee","restrictions":false,"min":"0","max":"0","options":[{"label":"Premium Tour per person","price":"15","price_type":"quantity_based","image":0,"visibility":true}]},{"name":"+ Easy Access Mobility Service (Optional)","type":"multiple_choice","position":1,"required":false,"title_format":"label","default":"","description_enable":true,"description":"Add a <a href=\"https:\/\/lvivbuddy.com\/easy-access-mobility-service\/\">golf cart<\/a> to your tour in case of mobility issues.","placeholder_enable":false,"placeholder":"","display":"select","restrictions_type":"any_text","adjust_price":false,"price":"","price_type":"flat_fee","restrictions":false,"min":"0","max":"0","options":[{"label":"1-4 guests","price":"50","price_type":"flat_fee","image":0,"visibility":true},{"label":"5-9 guests","price":"100","price_type":"flat_fee","image":0,"visibility":true},{"label":"10-14 guests","price":"150","price_type":"flat_fee","image":0,"visibility":true}]}],"_links":{"self":[{"href":"https:\/\/lvivbuddy.com\/de\/wp-json\/wp\/v2\/product\/5371","targetHints":{"allow":["GET"]}}],"collection":[{"href":"https:\/\/lvivbuddy.com\/de\/wp-json\/wp\/v2\/product"}],"about":[{"href":"https:\/\/lvivbuddy.com\/de\/wp-json\/wp\/v2\/types\/product"}],"wp:featuredmedia":[{"embeddable":true,"href":"https:\/\/lvivbuddy.com\/de\/wp-json\/wp\/v2\/media\/3931"}],"wp:attachment":[{"href":"https:\/\/lvivbuddy.com\/de\/wp-json\/wp\/v2\/media?parent=5371"}],"wp:term":[{"taxonomy":"product_brand","embeddable":true,"href":"https:\/\/lvivbuddy.com\/de\/wp-json\/wp\/v2\/product_brand?post=5371"},{"taxonomy":"product_cat","embeddable":true,"href":"https:\/\/lvivbuddy.com\/de\/wp-json\/wp\/v2\/product_cat?post=5371"},{"taxonomy":"product_tag","embeddable":true,"href":"https:\/\/lvivbuddy.com\/de\/wp-json\/wp\/v2\/product_tag?post=5371"}],"curies":[{"name":"wp","href":"https:\/\/api.w.org\/{rel}","templated":true}]}}